{"id":71,"date":"2017-03-11T11:35:01","date_gmt":"2017-03-11T10:35:01","guid":{"rendered":"http:\/\/www.austriahosting.at\/wp\/?page_id=71"},"modified":"2024-01-25T16:05:37","modified_gmt":"2024-01-25T15:05:37","slug":"nameservereintrag","status":"publish","type":"page","link":"https:\/\/www.austriahosting.com\/wp\/nameservereintrag\/","title":{"rendered":"Nameservereintrag"},"content":{"rendered":"<p><img loading=\"lazy\" decoding=\"async\" class=\"alignleft size-full wp-image-74\" src=\"https:\/\/www.austriahosting.com\/wp\/wp-content\/uploads\/2017\/03\/Domain.jpg\" alt=\"\" width=\"100\" height=\"128\" \/>Zusatzdienst f\u00fcr bestehende Hosting Accounts!<br \/>\nF\u00fcr einen zus\u00e4tzlichen Nameservereintrag, zur Verwendung mit Dom\u00e4nen Aliase bei Hosting Tarif STANDARD oder bei Hosting Tarif BUSINESS, ist ein bestehender Hosting Account erforderlich.<\/p>\n<p>Preis: 1,00 EUR inkl. 20% MwSt. pro Monat &#8211; Zahlungsintervall: J\u00e4hrlich im Voraus<\/p>\n","protected":false},"excerpt":{"rendered":"<p>Zusatzdienst f\u00fcr bestehende Hosting Accounts! F\u00fcr einen zus\u00e4tzlichen Nameservereintrag, zur Verwendung mit Dom\u00e4nen Aliase bei Hosting Tarif STANDARD oder bei Hosting Tarif BUSINESS, ist ein bestehender Hosting Account erforderlich. Preis: 1,00 EUR inkl. 20% MwSt. pro Monat &#8211; Zahlungsintervall: J\u00e4hrlich im Voraus<\/p>\n","protected":false},"author":1,"featured_media":0,"parent":0,"menu_order":0,"comment_status":"closed","ping_status":"closed","template":"","meta":{"footnotes":""},"class_list":["post-71","page","type-page","status-publish","hentry"],"_links":{"self":[{"href":"https:\/\/www.austriahosting.com\/wp\/wp-json\/wp\/v2\/pages\/71","targetHints":{"allow":["GET"]}}],"collection":[{"href":"https:\/\/www.austriahosting.com\/wp\/wp-json\/wp\/v2\/pages"}],"about":[{"href":"https:\/\/www.austriahosting.com\/wp\/wp-json\/wp\/v2\/types\/page"}],"author":[{"embeddable":true,"href":"https:\/\/www.austriahosting.com\/wp\/wp-json\/wp\/v2\/users\/1"}],"replies":[{"embeddable":true,"href":"https:\/\/www.austriahosting.com\/wp\/wp-json\/wp\/v2\/comments?post=71"}],"version-history":[{"count":6,"href":"https:\/\/www.austriahosting.com\/wp\/wp-json\/wp\/v2\/pages\/71\/revisions"}],"predecessor-version":[{"id":236,"href":"https:\/\/www.austriahosting.com\/wp\/wp-json\/wp\/v2\/pages\/71\/revisions\/236"}],"wp:attachment":[{"href":"https:\/\/www.austriahosting.com\/wp\/wp-json\/wp\/v2\/media?parent=71"}],"curies":[{"name":"wp","href":"https:\/\/api.w.org\/{rel}","templated":true}]}}