{"id":39,"date":"2017-03-11T10:50:44","date_gmt":"2017-03-11T09:50:44","guid":{"rendered":"http:\/\/www.austriahosting.at\/wp\/?page_id=39"},"modified":"2023-01-26T16:13:33","modified_gmt":"2023-01-26T15:13:33","slug":"allgemeine-vertragsbedingungen","status":"publish","type":"page","link":"https:\/\/www.austriahosting.com\/wp\/allgemeine-vertragsbedingungen\/","title":{"rendered":"Allgemeine Vertragsbedingungen"},"content":{"rendered":"<p><img loading=\"lazy\" decoding=\"async\" class=\"alignleft size-full wp-image-52\" src=\"https:\/\/www.austriahosting.com\/wp\/wp-content\/uploads\/2017\/03\/agb.jpg\" alt=\"\" width=\"130\" height=\"130\" \/>Bitte machen Sie sich auch mit unseren &#8222;<a href=\"https:\/\/www.austriahosting.at\/wp\/allgemeine-geschaeftsbedingungen\/\">Allgemeinen Gesch\u00e4ftsbedingungen<\/a>&#8220;\u00a0 vertraut.<br \/>\nAllgemeine Vertrags- und Nutzungsbedingungen (AVB)<br \/>\nStand 10.03.2017<br \/>\nAustriahosting IT-Services mit Sitz in Schattendorf stellt dem Kunden ihre Leistungen ausschlie\u00dflich zu den nachfolgenden Bedingungen zur Verf\u00fcgung. Diese Vertragsbedingungen erg\u00e4nzen bzw. ersetzen die entsprechenden Regelungen der Allgemeinen Gesch\u00e4ftsbedingungen, die Bestandteil aller Vertr\u00e4ge mit Austriahosting IT-Services sind. Nebenabreden sind nur verbindlich, wenn sie schriftlich best\u00e4tigt wurden. Der bestellende Vertragspartner wird nachfolgend Kunde genannt und best\u00e4tigt, dass er mindestens 18 Jahre alt und voll gesch\u00e4ftsf\u00e4hig ist.<\/p>\n<p>I. Leistungen<br \/>\na) Der Leistungsumfang der angebotenen Dienste ergibt sich aus dem Angebot, wie es mit dem Bestellformular verkn\u00fcpft bzw. verbunden ist, insbesondere aus dem zum Zeitpunkt der Bestellung aktuellen Internet-Angebot von Austriahosting IT-Services.<br \/>\nb) Mit Annahme der Bestellung und Freischaltung des Zugangs kommt ein Vertrag \u00fcber die Nutzung der Dienste zwischen dem Kunden und Austriahosting IT-Services zustande.<br \/>\nc) Die erbrachten Leistungen werden gem\u00e4\u00df der zum Bestellzeitpunkt geltenden Preise abgerechnet. Nimmt der Kunde \u00fcber den Vertragsumfang hinausgehende Leistungen in Anspruch, so werden diese gem\u00e4\u00df geltender Preisliste abgerechnet.<br \/>\nd) Austriahosting IT-Services \u00fcbernimmt keine Garantie daf\u00fcr, dass die angebotenen Leistungen f\u00fcr einen bestimmten Dienst oder eine bestimmte Anwendung geeignet sind.<\/p>\n<p>II. Pflichten und Obliegenheiten des Kunden<br \/>\na) Der Kunde verpflichtet sich f\u00fcr seine gesch\u00e4ftsm\u00e4\u00dfigen Angebote Namen und Anschrift sowie bei Personenvereinigungen und Gruppen auch Namen und Anschrift des Vertretungsberechtigten anzugeben.<br \/>\nb) Der Kunde ist f\u00fcr alle von ihm bzw. \u00fcber seine Zugangskennung produzierten bzw. publizierten Inhalte selbst verantwortlich und stellt Austriahosting IT-Services von jeglichen Ersatzanspr\u00fcchen Dritter im Zusammenhang mit der Publikation unzul\u00e4ssiger Inhalte frei.<br \/>\nc) Austriahosting IT-Services beh\u00e4lt sich das Recht zur sofortigen Sperrung vor, falls Inhalte publiziert werden, die \u00f6ffentlichen Ansto\u00df erregen; politisch extremistische Positionen vertreten; erotisches oder pornographisches Material enthalten; Personen verunglimpfen; oder gegen geltendes Recht der Republik \u00d6sterreich oder gegen internationales Recht versto\u00dfen. Weiterhin kann Austriahosting IT-Services den Zugang sofort sperren, falls der Kunde unberechtigt urheberrechtlich gesch\u00fctzte Programme oder Dateien verbreitet; unaufgefordert E-Mails zu Werbezwecken oder auch Massen-Mailings (SPAM) versendet oder f\u00fcr solche Angebote wirbt oder falls der Kunde MP3-Dateien, Cracks, Patches, Warez, IRC-Bots oder \u00e4hnliche Inhalte \u00fcber seinen Zugang publiziert bzw. betreibt. Vorgenanntes gilt entsprechend f\u00fcr Verweise des Kunden auf solche Inhalte Dritter.<br \/>\nd) Der Kunde haftet f\u00fcr alle Folgen und Nachteile, die Austriahosting IT-Services oder Dritten durch die missbr\u00e4uchliche oder rechtswidrige Verwendung der Dienste oder dadurch entstehen, dass der Kunde seinen Obliegenheiten nicht nachkommt. Weiterhin ist Austriahosting IT-Services bei Versto\u00df gegen die genannten Pflichten berechtigt, das Vertragsverh\u00e4ltnis ohne Einhaltung einer Frist zu k\u00fcndigen.<br \/>\ne) Austriahosting IT-Services \u00fcberpr\u00fcft die Inhalte des Kunden nicht dahingehend, ob Anspr\u00fcche Dritter berechtigt oder unberechtigt erhoben werden. Die Inhalte k\u00f6nnen bis zur gerichtlichen Kl\u00e4rung auf glaubhaftes Verlangen eines Dritten von Austriahosting IT-Services gesperrt werden. Der Kunde erkl\u00e4rt sich daher einverstanden, den Zugriff auf seine Inhalte in dem Fall zu sperren, dass Anspr\u00fcche Dritter glaubhaft erhoben werden.<br \/>\nf) Austriahosting IT-Services beh\u00e4lt sich vor, Inhalte, die das Regelbetriebsverhalten der Server beeintr\u00e4chtigen k\u00f6nnten, grunds\u00e4tzlich zu sperren oder deren Betrieb zu unterbinden. Dies sind insbesondere vom Kunden selbst eingerichtete Programm-Module.<br \/>\ng) Die publizierten Inhalte des Kunden werden regelm\u00e4\u00dfig und sorgf\u00e4ltig gesichert. F\u00fcr den Fall eines dennoch eintretenden Datenverlustes ist der Kunde verpflichtet, die betreffenden Daten nochmals unentgeltlich auf den Server aufzuspielen.<\/p>\n<p>III. Domain<br \/>\na) Austriahosting IT-Services wird gegen\u00fcber der jeweiligen Domain-Vergabe Organisation lediglich als Vermittler t\u00e4tig. Durch Vertr\u00e4ge mit solchen Organisationen wird ausschlie\u00dflich der Kunde berechtigt und verpflichtet.<br \/>\nb) Der Kunde versichert, dass durch Registrierung der vom Kunden gew\u00fcnschten Internet-Domain keine Rechte Dritter verletzt werden. Der Kunde erkennt an, dass er f\u00fcr die Wahl des Domainnamens allein verantwortlich ist und erkl\u00e4rt, Austriahosting IT-Services von s\u00e4mtlichen Anspr\u00fcchen Dritter im Zusammenhang mit der Domain freizustellen.<br \/>\nc) Austriahosting IT-Services \u00fcbernimmt keine Gew\u00e4hrleistung f\u00fcr die Verf\u00fcgbarkeit eines Domainnamens. Alle in dieser Hinsicht erteilten Ausk\u00fcnfte sind unverbindlich, dies gilt auch f\u00fcr erfolgte Auftragsbest\u00e4tigungen. Auch die Beantragung der Domain durch Austriahosting IT-Services stellt keine Gew\u00e4hrleistung der Zuteilung des gew\u00fcnschten Domainnamens dar.<\/p>\n<p>IV. Laufzeit und K\u00fcndigung<br \/>\na) Das Vertragsverh\u00e4ltnis zwischen dem Kunden und Austriahosting IT-Services tritt am Tag der Freischaltung des Zugangs in Kraft und wird auf unbestimmte Zeit geschlossen.<br \/>\nb) Die Mindestlaufzeit des Vertrages betr\u00e4gt in der Regel ein Jahr. Eine K\u00fcndigung muss Austriahosting IT-Services mit einer Frist von vier Wochen zum Ende der jeweiligen Vertragslaufzeit, schriftlich per Einschreiben zugehen. Bereits gezahlte Entgelte werden bei Vertragsaufl\u00f6sung nicht zur\u00fcckerstattet.<br \/>\nc) Austriahosting IT-Services beh\u00e4lt sich das Recht vor, den Vertrag au\u00dferordentlich zu k\u00fcndigen, wenn aus nicht von Austriahosting IT-Services zu vertretenden Gr\u00fcnden, die vertragsgegenst\u00e4ndlichen Leistungen nicht mehr oder nur noch zu wesentlich ver\u00e4nderten Bedingungen verf\u00fcgbar sein sollten.<br \/>\nd) Bei Vertragsende ist Austriahosting IT-Services berechtigt, die vom Kunden aufgespielten Daten vorbehaltlos zu l\u00f6schen.<\/p>\n<p>V. Zahlungsbedingungen<br \/>\na) Austriahosting IT-Services \u00fcbermittelt dem Kunden Rechnungen in ausdruckbarer Form per E-Mail.<br \/>\nb) Die zu entrichtenden Entgelte sind im Voraus per Bank\u00fcberweisung zu zahlen.<br \/>\nc) Bei Zahlungsverzug kann Austriahosting IT-Services hinterlegte Inhalte und E-Mails sperren. Diese Sperre wird nach Zahlungseingang wieder aufgehoben. Kommt der Kunde f\u00fcr zwei aufeinander folgende Monate mit der Bezahlung in Verzug, kann Austriahosting IT-Services das Vertragsverh\u00e4ltnis ohne Einhaltung einer Frist k\u00fcndigen und den Zugang sofort sperren. Austriahosting IT-Services kann ferner in diesem Fall hinterlegte Inhalte und E-Mails ohne Setzung einer Nachfrist l\u00f6schen.<br \/>\nd) Soweit von Austriahosting IT-Services entgeltfreie Dienste und Leistungen erbracht werden, k\u00f6nnen diese jederzeit eingestellt werden. Ein Minderungs-, Erstattungs- oder Schadensersatzanspruch ergibt sich daraus nicht.<br \/>\ne) Der Kunde ist auch f\u00fcr Entgelte, die andere Personen befugt oder unbefugt \u00fcber seine Zugangskennung verursachen, verantwortlich, es sei denn der Kunde hat dies nicht zu vertreten. Dem Kunden obliegt der Nachweis, dass er dies nicht zu vertreten hat. In diesem Zusammenhang verpflichtet sich der Kunde, das pers\u00f6nliche Passwort zu seiner Zugangskennung sorgf\u00e4ltig und vor dem Zugriff Dritter gesch\u00fctzt aufzubewahren sowie es vor Missbrauch und Verlust zu sch\u00fctzen.<br \/>\nf) Dem Kunden steht die Geltendmachung eines Zur\u00fcckbehaltungsrechts oder Leistungsverweigerungsrechts nur wegen unbestrittener oder rechtskr\u00e4ftig festgestellter Gegenanspr\u00fcche zu.<\/p>\n<p>VI. Datenschutz<br \/>\na) Dem Kunden ist bekannt, dass Name und Adresse des jeweiligen Nutzungsberechtigten einer Domain in diversen Internet-Datenbanken zwingend und dauerhaft gespeichert werden und diese Daten f\u00fcr ihn selbst und Dritte jederzeit einsehbar sind.<br \/>\nb) Dem Kunden ist bekannt, dass f\u00fcr alle Teilnehmer im \u00dcbertragungsweg des Internet die M\u00f6glichkeit besteht, \u00fcbermittelte Daten abzuh\u00f6ren und auszuwerten. Dieses Risiko nimmt der Kunde in Kauf.<br \/>\nc) Der Kunde erkl\u00e4rt sich damit einverstanden, dass Serverzugriffe und andere Informationen, die das Nutzungsverhalten betreffen von Austriahosting IT-Services w\u00e4hrend der Dauer des Vertragsverh\u00e4ltnisses gespeichert werden, soweit dies zur Erf\u00fcllung des Vertragszwecks, insbesondere f\u00fcr Abrechnungszwecke, erforderlich ist.<br \/>\nd) Dem Kunden ist untersagt, sich oder Dritten mittels der von Austriahosting IT-Services zur Verf\u00fcgung gestellten Dienste f\u00fcr sich oder den Dritten nicht bestimmte Daten und Informationen zu verschaffen.<\/p>\n<p>VII. Haftungsbeschr\u00e4nkung<br \/>\na) Austriahosting IT-Services haftet nicht f\u00fcr entgangenen Gewinn; die Wiederbeschaffung von Daten; Sch\u00e4den oder Verluste an den gespeicherten oder \u00fcbertragenen Daten oder indirekte Sch\u00e4den; sei es, dass diese beim Kunden oder Dritten entstehen.<br \/>\nb) Leistungsverz\u00f6gerungen und -ausf\u00e4lle aufgrund h\u00f6herer Gewalt und aufgrund von Ereignissen, die die Leistungen von Austriahosting IT-Services wesentlich erschwerten oder unm\u00f6glich machten &#8211; hierzu geh\u00f6ren insbesondere Streik, Aussperrung, beh\u00f6rdliche Anordnungen, der Ausfall von Kommunikationsnetzen und Gateways anderer Betreiber, St\u00f6rungen im Bereich der Dienste bei Lieferanten oder Unterauftragnehmern oder deren Lieferanten oder Unterauftragnehmern eintreten &#8211; hat Austriahosting IT-Services auch bei verbindlich vereinbarten Fristen und Terminen nicht zu vertreten. Der Kunde berechtigt Austriahosting IT-Services die Leistung um die Dauer der Behinderung, zuz\u00fcglich einer angemessenen Anlaufzeit, hinauszuschieben.<br \/>\nc) Bei Ausf\u00e4llen von Diensten aufgrund einer au\u00dferhalb des Verantwortungsbereiches von Austriahosting IT-Services liegenden St\u00f6rung, erfolgt keine Erstattung von Entgelten. Im \u00dcbrigen werden Ausfallzeiten nur dann erstattet, wenn Austriahosting IT-Services den Fehler verschuldet oder mindestens fahrl\u00e4ssig verursacht hat und sich der Ausfallzeitraum \u00fcber mehr als 5 Werktage erstreckt.<br \/>\nd) Austriahosting IT-Services haftet nicht f\u00fcr die vom Kunden publizierten Informationen und zwar weder f\u00fcr deren Vollst\u00e4ndigkeit, Richtigkeit noch Aktualit\u00e4t, noch daf\u00fcr, dass sie frei von Rechten Dritter sind, oder der Kunde rechtswidrig handelt, indem der Kunde die Informationen publiziert. Dies gilt insbesondere f\u00fcr Urheber-, Datenschutz- und Wettbewerbsrechtsverletzungen.<br \/>\ne) Sofern nicht andere Bestimmungen dieser Bedingungen eine Haftung ausschlie\u00dfen, ist sie f\u00fcr alle dem Kunden nachweislich entstandenen Sch\u00e4den der H\u00f6he nach maximal auf den 1-fachen Betrag der monatlichen Account-Geb\u00fchr beschr\u00e4nkt.<\/p>\n<p>VIII. Technische Unterst\u00fctzung<br \/>\nDie von Austriahosting IT-Services kostenfrei angebotene Unterst\u00fctzung per E-Mail beschr\u00e4nkt sich ausschlie\u00dflich auf technische Fragen und Probleme im Zusammenhang mit den angebotenen Leistungen. Eine kostenfreie Unterst\u00fctzung bei Fragen zu HTML-Syntax oder CGI- und Java-Programmierung kann nicht erfolgen.<\/p>\n<p><a href=\"https:\/\/www.austriahosting.at\/wp\/allgemeine-geschaeftsbedingungen\/\">Allgemeine Gesch\u00e4ftsbedingungen lesen<\/a><\/p>\n","protected":false},"excerpt":{"rendered":"<p>Bitte machen Sie sich auch mit unseren &#8222;Allgemeinen Gesch\u00e4ftsbedingungen&#8220;\u00a0 vertraut. Allgemeine Vertrags- und Nutzungsbedingungen (AVB) Stand 10.03.2017 Austriahosting IT-Services mit Sitz in Schattendorf stellt dem Kunden ihre Leistungen ausschlie\u00dflich zu den nachfolgenden Bedingungen zur Verf\u00fcgung. Diese Vertragsbedingungen erg\u00e4nzen bzw. ersetzen die entsprechenden Regelungen der Allgemeinen Gesch\u00e4ftsbedingungen, die Bestandteil aller Vertr\u00e4ge mit Austriahosting IT-Services sind. Nebenabreden &hellip; <a href=\"https:\/\/www.austriahosting.com\/wp\/allgemeine-vertragsbedingungen\/\" class=\"more-link\"><span class=\"screen-reader-text\">Allgemeine Vertragsbedingungen<\/span> weiterlesen <span class=\"meta-nav\">&rarr;<\/span><\/a><\/p>\n","protected":false},"author":1,"featured_media":0,"parent":0,"menu_order":0,"comment_status":"closed","ping_status":"closed","template":"","meta":{"footnotes":""},"class_list":["post-39","page","type-page","status-publish","hentry"],"_links":{"self":[{"href":"https:\/\/www.austriahosting.com\/wp\/wp-json\/wp\/v2\/pages\/39","targetHints":{"allow":["GET"]}}],"collection":[{"href":"https:\/\/www.austriahosting.com\/wp\/wp-json\/wp\/v2\/pages"}],"about":[{"href":"https:\/\/www.austriahosting.com\/wp\/wp-json\/wp\/v2\/types\/page"}],"author":[{"embeddable":true,"href":"https:\/\/www.austriahosting.com\/wp\/wp-json\/wp\/v2\/users\/1"}],"replies":[{"embeddable":true,"href":"https:\/\/www.austriahosting.com\/wp\/wp-json\/wp\/v2\/comments?post=39"}],"version-history":[{"count":6,"href":"https:\/\/www.austriahosting.com\/wp\/wp-json\/wp\/v2\/pages\/39\/revisions"}],"predecessor-version":[{"id":200,"href":"https:\/\/www.austriahosting.com\/wp\/wp-json\/wp\/v2\/pages\/39\/revisions\/200"}],"wp:attachment":[{"href":"https:\/\/www.austriahosting.com\/wp\/wp-json\/wp\/v2\/media?parent=39"}],"curies":[{"name":"wp","href":"https:\/\/api.w.org\/{rel}","templated":true}]}}