{"id":11,"date":"2017-03-11T09:43:07","date_gmt":"2017-03-11T08:43:07","guid":{"rendered":"http:\/\/www.austriahosting.at\/wp\/?page_id=11"},"modified":"2024-06-06T09:05:19","modified_gmt":"2024-06-06T07:05:19","slug":"willkommen","status":"publish","type":"page","link":"https:\/\/www.austriahosting.com\/wp\/","title":{"rendered":"Willkommen"},"content":{"rendered":"<p>Sch\u00f6n Sie bei uns begr\u00fc\u00dfen zu d\u00fcrfen.<\/p>\n<p>Als zuverl\u00e4ssiger und erfahrener Internet-Dienstleister bieten wir Ihnen mit unseren hier vorgestellten Hosting-Services, durchdachte Produkte zu fairen und transparenten Preisen an. Alle Kunden Websites werden von leistungsstarken Marken-Servern gehostet. Diese stehen in einem der modernsten Data Center Europas<\/p>\n<p>\u2022 High Performance durch speziell aufeinander abgestimmte Serverhardware.<br \/>\n\u2022 Ihr Webhosting Account ist in der Regel innerhalb von 48 Stunden eingerichtet.<br \/>\n\u2022 Stabiler Serverbetrieb durch Einsatz von Linux als Betriebssystem.<br \/>\n\u2022 Bequemes Handling Ihres Accounts \u00fcber Ihren Browser.<br \/>\n\u2022 Highspeed Gigabit Backbone mit direkter Anbindung an die wichtigsten Provider und Internet Exchanges Europas.<br \/>\n\u2022 Jeder Server ist mit 1 Gbit\/s \u00fcber unser internes Netzwerk an das Internet angebunden.<br \/>\n\u2022 Wir n\u00fctzen maximal ein Drittel unserer verf\u00fcgbaren Bandbreite.<br \/>\n\u2022 Hochverf\u00fcgbare Internetanbindung von 99,9%.<br \/>\n\u2022 Mindestens doppelt reduntand ausgelegte Infrastruktur.<br \/>\n\u2022 Alle Server befinden sich in einem Lampertz-Hochsicherheits-Rechenzentrum.<br \/>\n\u2022 St\u00e4ndige \u00dcberwachung aller relevanten Dienste unserer Server.<br \/>\n\u2022 Datenspiegelung &#8211; Wir verwenden ausschlie\u00dflich Server in RAID 1, RAID 5 oder RAID 10 Konfiguration.<br \/>\n\u2022 Genaue Auswertung \u00fcber den verbrauchten Speicherplatz und verbrauchten Datentransfer jederzeit online abrufbar.<br \/>\n\u2022 Unbegrenzter kostenloser Support per Email.<br \/>\n\u2022 30 Tage Geld-zur\u00fcck-Garantie f\u00fcr unsere Webhosting Accounts.<\/p>\n","protected":false},"excerpt":{"rendered":"<p>Sch\u00f6n Sie bei uns begr\u00fc\u00dfen zu d\u00fcrfen. Als zuverl\u00e4ssiger und erfahrener Internet-Dienstleister bieten wir Ihnen mit unseren hier vorgestellten Hosting-Services, durchdachte Produkte zu fairen und transparenten Preisen an. Alle Kunden Websites werden von leistungsstarken Marken-Servern gehostet. Diese stehen in einem der modernsten Data Center Europas \u2022 High Performance durch speziell aufeinander abgestimmte Serverhardware. \u2022 Ihr &hellip; <a href=\"https:\/\/www.austriahosting.com\/wp\/\" class=\"more-link\"><span class=\"screen-reader-text\">Willkommen<\/span> weiterlesen <span class=\"meta-nav\">&rarr;<\/span><\/a><\/p>\n","protected":false},"author":1,"featured_media":0,"parent":0,"menu_order":0,"comment_status":"closed","ping_status":"closed","template":"","meta":{"footnotes":""},"class_list":["post-11","page","type-page","status-publish","hentry"],"_links":{"self":[{"href":"https:\/\/www.austriahosting.com\/wp\/wp-json\/wp\/v2\/pages\/11","targetHints":{"allow":["GET"]}}],"collection":[{"href":"https:\/\/www.austriahosting.com\/wp\/wp-json\/wp\/v2\/pages"}],"about":[{"href":"https:\/\/www.austriahosting.com\/wp\/wp-json\/wp\/v2\/types\/page"}],"author":[{"embeddable":true,"href":"https:\/\/www.austriahosting.com\/wp\/wp-json\/wp\/v2\/users\/1"}],"replies":[{"embeddable":true,"href":"https:\/\/www.austriahosting.com\/wp\/wp-json\/wp\/v2\/comments?post=11"}],"version-history":[{"count":5,"href":"https:\/\/www.austriahosting.com\/wp\/wp-json\/wp\/v2\/pages\/11\/revisions"}],"predecessor-version":[{"id":243,"href":"https:\/\/www.austriahosting.com\/wp\/wp-json\/wp\/v2\/pages\/11\/revisions\/243"}],"wp:attachment":[{"href":"https:\/\/www.austriahosting.com\/wp\/wp-json\/wp\/v2\/media?parent=11"}],"curies":[{"name":"wp","href":"https:\/\/api.w.org\/{rel}","templated":true}]}}